{"id":33,"date":"2019-01-21T20:29:08","date_gmt":"2019-01-21T20:29:08","guid":{"rendered":"http:\/\/www.zum-blitzer.de\/?page_id=33"},"modified":"2025-03-27T11:43:49","modified_gmt":"2025-03-27T11:43:49","slug":"zum-blitzer","status":"publish","type":"page","link":"https:\/\/www.zum-blitzer.de\/","title":{"rendered":"Herzlich Willkommen"},"content":{"rendered":"\n<p>Wir freuen uns, dass Sie den Weg auf unsere Homepage gefunden haben.  <br>Wann besuchen Sie uns im echten Leben?<\/p>\n\n\n\n<p>W\u00e4hlen Sie aus unserer umfangreichen Speisekarte, genie\u00dfen Sie unser beliebtes Softeis oder buchen Sie auch gern einen Stellplatz f\u00fcr Ihren Kurztrip oder Zwischenstopp. <\/p>\n\n\n\n<p>Um die Verf\u00fcgbarkeit unserer Wohnmobilstellpl\u00e4tze in Echtzeit zu pr\u00fcfen und den besten Preis zu sichern, nutzen Sie bitte unsere Online-Buchung:<\/p>\n\n\n\n<div class=\"wp-block-buttons is-layout-flex wp-block-buttons-is-layout-flex\">\n<div class=\"wp-block-button has-custom-width wp-block-button__width-100\"><a class=\"wp-block-button__link wp-element-button\" href=\"https:\/\/www.campcation.com\/de\/campsite\/zum-blitzer\/\"><mark style=\"background-color:rgba(0, 0, 0, 0)\" class=\"has-inline-color has-white-color\">Stellplatz<\/mark> <mark style=\"background-color:rgba(0, 0, 0, 0)\" class=\"has-inline-color has-white-color\">buchen<\/mark><\/a><\/div>\n<\/div>\n\n\n\n\n\n<figure class=\"wp-block-gallery aligncenter has-nested-images columns-default is-cropped wp-block-gallery-1 is-layout-flex wp-block-gallery-is-layout-flex\"><\/figure>\n\n\n\n<p><\/p>\n","protected":false},"excerpt":{"rendered":"<p>Wir freuen uns, dass Sie den Weg auf unsere Homepage gefunden haben. Wann besuchen Sie uns im echten Leben? W\u00e4hlen Sie aus unserer umfangreichen Speisekarte, genie\u00dfen Sie unser beliebtes Softeis oder buchen Sie auch gern einen Stellplatz f\u00fcr Ihren Kurztrip oder Zwischenstopp. Um die Verf\u00fcgbarkeit unserer Wohnmobilstellpl\u00e4tze in Echtzeit zu pr\u00fcfen und den besten Preis &hellip; <a href=\"https:\/\/www.zum-blitzer.de\/\" class=\"more-link\"><span class=\"screen-reader-text\">Herzlich Willkommen<\/span> weiterlesen<\/a><\/p>\n","protected":false},"author":1,"featured_media":0,"parent":0,"menu_order":0,"comment_status":"closed","ping_status":"closed","template":"","meta":{"footnotes":""},"class_list":["post-33","page","type-page","status-publish","hentry"],"_links":{"self":[{"href":"https:\/\/www.zum-blitzer.de\/index.php?rest_route=\/wp\/v2\/pages\/33","targetHints":{"allow":["GET"]}}],"collection":[{"href":"https:\/\/www.zum-blitzer.de\/index.php?rest_route=\/wp\/v2\/pages"}],"about":[{"href":"https:\/\/www.zum-blitzer.de\/index.php?rest_route=\/wp\/v2\/types\/page"}],"author":[{"embeddable":true,"href":"https:\/\/www.zum-blitzer.de\/index.php?rest_route=\/wp\/v2\/users\/1"}],"replies":[{"embeddable":true,"href":"https:\/\/www.zum-blitzer.de\/index.php?rest_route=%2Fwp%2Fv2%2Fcomments&post=33"}],"version-history":[{"count":18,"href":"https:\/\/www.zum-blitzer.de\/index.php?rest_route=\/wp\/v2\/pages\/33\/revisions"}],"predecessor-version":[{"id":4846,"href":"https:\/\/www.zum-blitzer.de\/index.php?rest_route=\/wp\/v2\/pages\/33\/revisions\/4846"}],"wp:attachment":[{"href":"https:\/\/www.zum-blitzer.de\/index.php?rest_route=%2Fwp%2Fv2%2Fmedia&parent=33"}],"curies":[{"name":"wp","href":"https:\/\/api.w.org\/{rel}","templated":true}]}}