{"id":4274,"date":"2022-03-18T08:15:49","date_gmt":"2022-03-18T08:15:49","guid":{"rendered":"https:\/\/www.zum-blitzer.de\/?page_id=4274"},"modified":"2025-08-18T12:54:52","modified_gmt":"2025-08-18T12:54:52","slug":"wohnmobilstellplatz","status":"publish","type":"page","link":"https:\/\/www.zum-blitzer.de\/?page_id=4274","title":{"rendered":"Wohnmobilstellplatz"},"content":{"rendered":"\n<p class=\"has-text-align-left\">Wir bieten vier gro\u00dfz\u00fcgige Stellpl\u00e4tze f\u00fcr Wohnmobile an.\u200b<\/p>\n\n\n\n<p class=\"has-text-align-left\"><strong>Preis pro Nacht<\/strong>: 10\u202f\u20ac (inklusive Wasser und WLAN); zzgl. Strom 2\u202f\u20ac., Nutzung WC und Dusche m\u00f6glich.<\/p>\n\n\n\n<p>Dienstags, donnerstags und samstags kommt das B\u00e4ckerauto gegen 09.30 Uhr auf den Parkplatz, da gibt es dann auch frische Br\u00f6tchen und Kuchen.<\/p>\n\n\n\n<p class=\"has-text-align-left\"><strong>Jetzt buchen<\/strong>: Um die Verf\u00fcgbarkeit in Echtzeit zu pr\u00fcfen und den besten Preis zu sichern, empfehlen wir Ihnen, online \u00fcber <a href=\"https:\/\/www.campcation.com\/de\/campsite\/zum-blitzer\">Campcation<\/a> zu buchen.\u200b<\/p>\n\n\n\n<div class=\"wp-block-buttons is-layout-flex wp-block-buttons-is-layout-flex\">\n<div class=\"wp-block-button has-custom-width wp-block-button__width-100\"><a class=\"wp-block-button__link wp-element-button\" href=\"https:\/\/www.campcation.com\/de\/campsite\/zum-blitzer\"><mark style=\"background-color:rgba(0, 0, 0, 0)\" class=\"has-inline-color has-white-color\">JETZT BUCHEN<\/mark><\/a><\/div>\n<\/div>\n\n\n\n<p class=\"has-text-align-left\"><br><strong>Haben Sie weitere Fragen?<\/strong><\/p>\n\n\n\n<div class=\"wp-block-group\"><div class=\"wp-block-group__inner-container is-layout-constrained wp-block-group-is-layout-constrained\">\n<p class=\"has-text-align-left\"><br><strong>W\u00e4hrend unserer \u00d6ffnungszeiten<\/strong>: Besuchen Sie uns direkt vor Ort in der Rastst\u00e4tte.\u200b<br><strong>Telefon<\/strong>: 039934 878755\u200b<\/p>\n\n\n\n<p><strong>Mobil<\/strong>: 0171 5301499<\/p>\n\n\n\n<p><\/p>\n<\/div><\/div>\n","protected":false},"excerpt":{"rendered":"<p>Wir bieten vier gro\u00dfz\u00fcgige Stellpl\u00e4tze f\u00fcr Wohnmobile an.\u200b Preis pro Nacht: 10\u202f\u20ac (inklusive Wasser und WLAN); zzgl. Strom 2\u202f\u20ac., Nutzung WC und Dusche m\u00f6glich. Dienstags, donnerstags und samstags kommt das B\u00e4ckerauto gegen 09.30 Uhr auf den Parkplatz, da gibt es dann auch frische Br\u00f6tchen und Kuchen. Jetzt buchen: Um die Verf\u00fcgbarkeit in Echtzeit zu pr\u00fcfen &hellip; <a href=\"https:\/\/www.zum-blitzer.de\/?page_id=4274\" class=\"more-link\"><span class=\"screen-reader-text\">Wohnmobilstellplatz<\/span> weiterlesen<\/a><\/p>\n","protected":false},"author":1,"featured_media":0,"parent":0,"menu_order":0,"comment_status":"closed","ping_status":"closed","template":"","meta":{"footnotes":""},"class_list":["post-4274","page","type-page","status-publish","hentry"],"_links":{"self":[{"href":"https:\/\/www.zum-blitzer.de\/index.php?rest_route=\/wp\/v2\/pages\/4274","targetHints":{"allow":["GET"]}}],"collection":[{"href":"https:\/\/www.zum-blitzer.de\/index.php?rest_route=\/wp\/v2\/pages"}],"about":[{"href":"https:\/\/www.zum-blitzer.de\/index.php?rest_route=\/wp\/v2\/types\/page"}],"author":[{"embeddable":true,"href":"https:\/\/www.zum-blitzer.de\/index.php?rest_route=\/wp\/v2\/users\/1"}],"replies":[{"embeddable":true,"href":"https:\/\/www.zum-blitzer.de\/index.php?rest_route=%2Fwp%2Fv2%2Fcomments&post=4274"}],"version-history":[{"count":14,"href":"https:\/\/www.zum-blitzer.de\/index.php?rest_route=\/wp\/v2\/pages\/4274\/revisions"}],"predecessor-version":[{"id":4871,"href":"https:\/\/www.zum-blitzer.de\/index.php?rest_route=\/wp\/v2\/pages\/4274\/revisions\/4871"}],"wp:attachment":[{"href":"https:\/\/www.zum-blitzer.de\/index.php?rest_route=%2Fwp%2Fv2%2Fmedia&parent=4274"}],"curies":[{"name":"wp","href":"https:\/\/api.w.org\/{rel}","templated":true}]}}