{"id":56,"date":"2019-01-21T21:31:36","date_gmt":"2019-01-21T21:31:36","guid":{"rendered":"http:\/\/www.zum-blitzer.de\/?page_id=56"},"modified":"2026-04-11T07:38:04","modified_gmt":"2026-04-11T07:38:04","slug":"kontakt","status":"publish","type":"page","link":"https:\/\/www.zum-blitzer.de\/?page_id=56","title":{"rendered":"\u00d6ffnungszeiten und Kontakt"},"content":{"rendered":"\n<p><strong>Unsere aktuellen \u00d6ffnungszeiten im April 2026<\/strong><\/p>\n\n\n\n<p><\/p>\n\n\n\n<p>Montag: Ruhetag<\/p>\n\n\n\n<p>Dienstag &#8211; Donnerstag: 11.00-18.00<\/p>\n\n\n\n<p><\/p>\n\n\n\n<p>Freitag &#8211; Sonntag: 11.00 &#8211; 20.00<\/p>\n\n\n\n<p><\/p>\n\n\n\n<p><\/p>\n\n\n\n<p><\/p>\n\n\n\n<p><strong>Tischreservierungen <\/strong> ab 8 Personen sind auch au\u00dferhalb der \u00d6ffnungszeiten m\u00f6glich!<\/p>\n\n\n\n<p><strong>Buchung von Stellpl\u00e4tzen f\u00fcr Wohnmobile<\/strong>                                                                                        F\u00fcr Informationen zur Verf\u00fcgbarkeit, Preisen und Buchungen von Stellpl\u00e4tzen nutzen Sie bitte unsere Online-Buchung, um die aktuellsten Informationen zu erhalten und den besten Preis zu sichern:\u200b<\/p>\n\n\n\n<div class=\"wp-block-buttons is-layout-flex wp-block-buttons-is-layout-flex\">\n<div class=\"wp-block-button has-custom-width wp-block-button__width-100\"><a class=\"wp-block-button__link wp-element-button\" href=\"https:\/\/www.campcation.com\/de\/campsite\/zum-blitzer\"><mark style=\"background-color:rgba(0, 0, 0, 0)\" class=\"has-inline-color has-white-color\">JETZT BUCHEN<\/mark><\/a><\/div>\n<\/div>\n\n\n\n<p><\/p>\n\n\n\n<p><strong>Weitere Fragen<\/strong><\/p>\n\n\n\n<p>F\u00fcr alle anderen Anliegen oder um direkt mit uns in Kontakt zu treten:<\/p>\n\n\n\n<p>info@zum-blitzer.de<\/p>\n\n\n\n<p>Tel. 039934 878755<\/p>\n\n\n\n<p>Mobil: 01715301499<\/p>\n\n\n\n<p>Lindenstra\u00dfe 1A<\/p>\n\n\n\n<p>17192 Neu Schloen<\/p>\n\n\n\n<div style=\"height:45px\" aria-hidden=\"true\" class=\"wp-block-spacer\"><\/div>\n\n\n\n<h4 class=\"wp-block-heading\">Haben Sie Fragen, W\u00fcnsche oder wollen Sie uns einfach eine Nachricht hinterlassen?<\/h4>\n\n\n<div class=\"wpforms-container wpforms-container-full\" id=\"wpforms-143\"><form id=\"wpforms-form-143\" class=\"wpforms-validate wpforms-form\" data-formid=\"143\" method=\"post\" enctype=\"multipart\/form-data\" action=\"\/index.php?rest_route=%2Fwp%2Fv2%2Fpages%2F56\" data-token=\"ea594cbc074759d1b1d57ec6d4a960a1\" data-token-time=\"1776155275\"><noscript class=\"wpforms-error-noscript\">Bitte aktiviere JavaScript in deinem Browser, um dieses Formular fertigzustellen.<\/noscript><div class=\"wpforms-field-container\"><div id=\"wpforms-143-field_0-container\" class=\"wpforms-field wpforms-field-name\" data-field-id=\"0\"><label class=\"wpforms-field-label\" for=\"wpforms-143-field_0\">Ihr Name <span class=\"wpforms-required-label\">*<\/span><\/label><input type=\"text\" id=\"wpforms-143-field_0\" class=\"wpforms-field-medium wpforms-field-required\" name=\"wpforms[fields][0]\" required><\/div><div id=\"wpforms-143-field_1-container\" class=\"wpforms-field wpforms-field-email\" data-field-id=\"1\"><label class=\"wpforms-field-label\" for=\"wpforms-143-field_1\">Ihre E-Mail-Adresse <span class=\"wpforms-required-label\">*<\/span><\/label><input type=\"email\" id=\"wpforms-143-field_1\" class=\"wpforms-field-medium wpforms-field-required\" name=\"wpforms[fields][1]\" spellcheck=\"false\" required><\/div><div id=\"wpforms-143-field_2-container\" class=\"wpforms-field wpforms-field-textarea\" data-field-id=\"2\"><label class=\"wpforms-field-label\" for=\"wpforms-143-field_2\">Kommentar oder Nachricht <span class=\"wpforms-required-label\">*<\/span><\/label><textarea id=\"wpforms-143-field_2\" class=\"wpforms-field-medium wpforms-field-required\" name=\"wpforms[fields][2]\" required><\/textarea><\/div><\/div><!-- .wpforms-field-container --><div class=\"wpforms-submit-container\" ><input type=\"hidden\" name=\"wpforms[id]\" value=\"143\"><input type=\"hidden\" name=\"page_title\" value=\"\"><input type=\"hidden\" name=\"page_url\" value=\"https:\/\/www.zum-blitzer.de\/index.php?rest_route=\/wp\/v2\/pages\/56\"><input type=\"hidden\" name=\"url_referer\" value=\"\"><button type=\"submit\" name=\"wpforms[submit]\" id=\"wpforms-submit-143\" class=\"wpforms-submit\" aria-live=\"assertive\" value=\"wpforms-submit\">Absenden<\/button><\/div><\/form><\/div>  <!-- .wpforms-container -->\n\n\n\n<div style=\"height:38px\" aria-hidden=\"true\" class=\"wp-block-spacer\"><\/div>\n\n\n\n<iframe loading=\"lazy\" src=\"https:\/\/www.google.com\/maps\/embed?pb=!1m18!1m12!1m3!1d2371.3399279740192!2d12.786336761749869!3d53.5338444686164!2m3!1f0!2f0!3f0!3m2!1i1024!2i768!4f13.1!3m3!1m2!1s0x47abfa2d837de315%3A0xb97c577de9c4cb9!2sZum+Blitzer!5e0!3m2!1sde!2sde!4v1549564564690\" width=\"600\" height=\"450\" frameborder=\"0\" style=\"border:3px solid #fff;\" allowfullscreen=\"\"><\/iframe>\n","protected":false},"excerpt":{"rendered":"<p>Unsere aktuellen \u00d6ffnungszeiten im April 2026 Montag: Ruhetag Dienstag &#8211; Donnerstag: 11.00-18.00 Freitag &#8211; Sonntag: 11.00 &#8211; 20.00 Tischreservierungen ab 8 Personen sind auch au\u00dferhalb der \u00d6ffnungszeiten m\u00f6glich! Buchung von Stellpl\u00e4tzen f\u00fcr Wohnmobile F\u00fcr Informationen zur Verf\u00fcgbarkeit, Preisen und Buchungen von Stellpl\u00e4tzen nutzen Sie bitte unsere Online-Buchung, um die aktuellsten Informationen zu erhalten und den &hellip; <a href=\"https:\/\/www.zum-blitzer.de\/?page_id=56\" class=\"more-link\"><span class=\"screen-reader-text\">\u00d6ffnungszeiten und Kontakt<\/span> weiterlesen<\/a><\/p>\n","protected":false},"author":1,"featured_media":0,"parent":0,"menu_order":0,"comment_status":"closed","ping_status":"closed","template":"","meta":{"footnotes":""},"class_list":["post-56","page","type-page","status-publish","hentry"],"_links":{"self":[{"href":"https:\/\/www.zum-blitzer.de\/index.php?rest_route=\/wp\/v2\/pages\/56","targetHints":{"allow":["GET"]}}],"collection":[{"href":"https:\/\/www.zum-blitzer.de\/index.php?rest_route=\/wp\/v2\/pages"}],"about":[{"href":"https:\/\/www.zum-blitzer.de\/index.php?rest_route=\/wp\/v2\/types\/page"}],"author":[{"embeddable":true,"href":"https:\/\/www.zum-blitzer.de\/index.php?rest_route=\/wp\/v2\/users\/1"}],"replies":[{"embeddable":true,"href":"https:\/\/www.zum-blitzer.de\/index.php?rest_route=%2Fwp%2Fv2%2Fcomments&post=56"}],"version-history":[{"count":65,"href":"https:\/\/www.zum-blitzer.de\/index.php?rest_route=\/wp\/v2\/pages\/56\/revisions"}],"predecessor-version":[{"id":4990,"href":"https:\/\/www.zum-blitzer.de\/index.php?rest_route=\/wp\/v2\/pages\/56\/revisions\/4990"}],"wp:attachment":[{"href":"https:\/\/www.zum-blitzer.de\/index.php?rest_route=%2Fwp%2Fv2%2Fmedia&parent=56"}],"curies":[{"name":"wp","href":"https:\/\/api.w.org\/{rel}","templated":true}]}}